{"id":51,"date":"2019-12-13T21:44:29","date_gmt":"2019-12-13T21:44:29","guid":{"rendered":"http:\/\/gallowayzucht-schaeferhof.de\/?page_id=51"},"modified":"2019-12-14T00:41:46","modified_gmt":"2019-12-14T00:41:46","slug":"impressum","status":"publish","type":"page","link":"https:\/\/gallowayzucht-schaeferhof.de\/?page_id=51","title":{"rendered":"Impressum"},"content":{"rendered":"\t\t<div data-elementor-type=\"wp-page\" data-elementor-id=\"51\" class=\"elementor elementor-51\">\n\t\t\t\t\t\t\t\t\t<section class=\"elementor-section elementor-top-section elementor-element elementor-element-ade5f96 elementor-section-boxed elementor-section-height-default elementor-section-height-default\" data-id=\"ade5f96\" data-element_type=\"section\">\n\t\t\t\t\t\t<div class=\"elementor-container elementor-column-gap-default\">\n\t\t\t\t\t<div class=\"elementor-column elementor-col-100 elementor-top-column elementor-element elementor-element-63902d2\" data-id=\"63902d2\" data-element_type=\"column\">\n\t\t\t<div class=\"elementor-widget-wrap elementor-element-populated\">\n\t\t\t\t\t\t\t\t\t<\/div>\n\t\t<\/div>\n\t\t\t\t\t\t\t<\/div>\n\t\t<\/section>\n\t\t\t\t<section class=\"elementor-section elementor-top-section elementor-element elementor-element-070ddf9 elementor-section-boxed elementor-section-height-default elementor-section-height-default\" data-id=\"070ddf9\" data-element_type=\"section\">\n\t\t\t\t\t\t<div class=\"elementor-container elementor-column-gap-default\">\n\t\t\t\t\t<div class=\"elementor-column elementor-col-100 elementor-top-column elementor-element elementor-element-0f58e92\" data-id=\"0f58e92\" data-element_type=\"column\">\n\t\t\t<div class=\"elementor-widget-wrap elementor-element-populated\">\n\t\t\t\t\t\t\t\t<div class=\"elementor-element elementor-element-4e8a309 elementor-widget elementor-widget-text-editor\" data-id=\"4e8a309\" data-element_type=\"widget\" data-widget_type=\"text-editor.default\">\n\t\t\t\t<div class=\"elementor-widget-container\">\n\t\t\t\t\t\t\t<h2 id=\"m46\"><span style=\"color: #000000;\">Diensteanbieter<\/span><\/h2><p><span style=\"color: #000000;\">Karsten Sch\u00e4fer<\/span><\/p><p><span style=\"color: #000000;\">Am Rehweg<\/span><\/p><p><span style=\"color: #000000;\">63667 Nidda<\/span><\/p><p><span style=\"color: #000000;\">Deutschland<\/span><\/p><h2 id=\"m56\"><span style=\"color: #000000;\">Kontaktm\u00f6glichkeiten<\/span><\/h2><p><span style=\"color: #000000;\"><strong>E-Mail-Adresse<\/strong>: info@gallowayzucht-schaeferhof.de<\/span><\/p><p><span style=\"color: #000000;\"><strong>Telefon<\/strong>: 0171-5149509<\/span><\/p><h2 id=\"m65\"><span style=\"color: #000000;\">Haftungs- und Urheberrechtshinweise<\/span><\/h2><p><span style=\"color: #000000;\"><strong>Haftungsausschluss<\/strong>: Die Inhalte dieses Onlineangebotes wurden sorgf\u00e4ltig und nach unserem aktuellen Kenntnisstand erstellt, dienen jedoch nur der Information und entfalten keine rechtlich bindende Wirkung, sofern es sich nicht um gesetzlich verpflichtende Informationen (z.B. das Impressum, die Datenschutzerkl\u00e4rung, AGB oder Widerrufsbelehrungen f\u00fcr Verbraucher) handelt. Wir behalten uns vor, die Inhalte vollst\u00e4ndig oder teilweise zu \u00e4ndern oder zu l\u00f6schen, soweit vertragliche Verpflichtungen unber\u00fchrt bleiben. Alle Angebote sind freibleibend und unverbindlich.<\/span><\/p><p><span style=\"color: #000000;\"><strong>Links auf fremde Webseiten<\/strong>: Inhalte fremder Webseiten, auf die wir direkt oder indirekt verweisen, liegen au\u00dferhalb unseres Verantwortungsbereiches und machen wir uns nicht zu Eigen. F\u00fcr alle Inhalte und insbesondere f\u00fcr Sch\u00e4den, die aus der Nutzung der in den verlinkten Webseiten aufrufbaren Informationen entstehen, haftet allein der Anbieter der verlinkten Webseiten.<\/span><\/p><p class=\"seal\"><span style=\"color: #000000;\"><a style=\"color: #000000;\" title=\"Rechtstext von Dr. Schwenke - f\u00fcr weitere Informationen bitte anklicken.\" href=\"https:\/\/datenschutz-generator.de\/?l=de\" target=\"_blank\" rel=\"noopener\">Erstellt mit kostenlosem Datenschutz-Generator.de von Dr. Thomas Schwenke<\/a><\/span><\/p>\t\t\t\t\t\t<\/div>\n\t\t\t\t<\/div>\n\t\t\t\t\t<\/div>\n\t\t<\/div>\n\t\t\t\t\t\t\t<\/div>\n\t\t<\/section>\n\t\t\t\t\t\t\t<\/div>\n\t\t","protected":false},"excerpt":{"rendered":"<p>Diensteanbieter Karsten Sch\u00e4fer Am Rehweg 63667 Nidda Deutschland Kontaktm\u00f6glichkeiten E-Mail-Adresse: info@gallowayzucht-schaeferhof.de Telefon: 0171-5149509 Haftungs- und Urheberrechtshinweise Haftungsausschluss: Die Inhalte dieses Onlineangebotes wurden sorgf\u00e4ltig und nach unserem aktuellen Kenntnisstand erstellt, dienen jedoch nur der Information und entfalten keine rechtlich bindende Wirkung, sofern es sich nicht um gesetzlich verpflichtende Informationen (z.B. das Impressum, die Datenschutzerkl\u00e4rung, AGB oder [&hellip;]<\/p>\n","protected":false},"author":1,"featured_media":0,"parent":0,"menu_order":0,"comment_status":"closed","ping_status":"open","template":"","meta":{"footnotes":""},"_links":{"self":[{"href":"https:\/\/gallowayzucht-schaeferhof.de\/index.php?rest_route=\/wp\/v2\/pages\/51"}],"collection":[{"href":"https:\/\/gallowayzucht-schaeferhof.de\/index.php?rest_route=\/wp\/v2\/pages"}],"about":[{"href":"https:\/\/gallowayzucht-schaeferhof.de\/index.php?rest_route=\/wp\/v2\/types\/page"}],"author":[{"embeddable":true,"href":"https:\/\/gallowayzucht-schaeferhof.de\/index.php?rest_route=\/wp\/v2\/users\/1"}],"replies":[{"embeddable":true,"href":"https:\/\/gallowayzucht-schaeferhof.de\/index.php?rest_route=%2Fwp%2Fv2%2Fcomments&post=51"}],"version-history":[{"count":4,"href":"https:\/\/gallowayzucht-schaeferhof.de\/index.php?rest_route=\/wp\/v2\/pages\/51\/revisions"}],"predecessor-version":[{"id":96,"href":"https:\/\/gallowayzucht-schaeferhof.de\/index.php?rest_route=\/wp\/v2\/pages\/51\/revisions\/96"}],"wp:attachment":[{"href":"https:\/\/gallowayzucht-schaeferhof.de\/index.php?rest_route=%2Fwp%2Fv2%2Fmedia&parent=51"}],"curies":[{"name":"wp","href":"https:\/\/api.w.org\/{rel}","templated":true}]}}