{"id":62,"date":"2019-12-13T23:12:54","date_gmt":"2019-12-13T23:12:54","guid":{"rendered":"http:\/\/gallowayzucht-schaeferhof.de\/?page_id=62"},"modified":"2019-12-13T23:23:34","modified_gmt":"2019-12-13T23:23:34","slug":"galloways","status":"publish","type":"page","link":"https:\/\/gallowayzucht-schaeferhof.de\/?page_id=62","title":{"rendered":"Galloways"},"content":{"rendered":"\t\t<div data-elementor-type=\"wp-page\" data-elementor-id=\"62\" class=\"elementor elementor-62\">\n\t\t\t\t\t\t\t\t\t<section class=\"elementor-section elementor-top-section elementor-element elementor-element-ade5f96 elementor-section-boxed elementor-section-height-default elementor-section-height-default\" data-id=\"ade5f96\" data-element_type=\"section\">\n\t\t\t\t\t\t<div class=\"elementor-container elementor-column-gap-default\">\n\t\t\t\t\t<div class=\"elementor-column elementor-col-100 elementor-top-column elementor-element elementor-element-63902d2\" data-id=\"63902d2\" data-element_type=\"column\">\n\t\t\t<div class=\"elementor-widget-wrap elementor-element-populated\">\n\t\t\t\t\t\t\t\t\t<\/div>\n\t\t<\/div>\n\t\t\t\t\t\t\t<\/div>\n\t\t<\/section>\n\t\t\t\t<section class=\"elementor-section elementor-top-section elementor-element elementor-element-070ddf9 elementor-section-boxed elementor-section-height-default elementor-section-height-default\" data-id=\"070ddf9\" data-element_type=\"section\">\n\t\t\t\t\t\t<div class=\"elementor-container elementor-column-gap-default\">\n\t\t\t\t\t<div class=\"elementor-column elementor-col-100 elementor-top-column elementor-element elementor-element-0f58e92\" data-id=\"0f58e92\" data-element_type=\"column\">\n\t\t\t<div class=\"elementor-widget-wrap elementor-element-populated\">\n\t\t\t\t\t\t\t\t<div class=\"elementor-element elementor-element-4e8a309 elementor-widget elementor-widget-text-editor\" data-id=\"4e8a309\" data-element_type=\"widget\" data-widget_type=\"text-editor.default\">\n\t\t\t\t<div class=\"elementor-widget-container\">\n\t\t\t\t\t\t\t<div class=\"container\"><div class=\"row\"><div class=\"col-md-12\"><div class=\"row\"><div class=\"col-lg-9 col-md-9 col-xs-10\"><h3 class=\"p4\" style=\"text-align: center;\"><span style=\"color: #000000;\">Galloways sind eine dominant hornlose Fleischrinderrasse. Sie stammen urspr\u00fcnglich aus<\/span><br \/><span style=\"color: #000000;\">dem S\u00fcdwesten Schottlands und sind heute auf der ganzen Welt verbreitet. Sie sind<\/span><br \/><span style=\"color: #000000;\">friedfertig, gen\u00fcgsam und widerstandsf\u00e4hig und bringen auch bei naturnaher Haltung eine<\/span><br \/><span style=\"color: #000000;\">gute Fleischleistung mit hervorragender Fleischqualit\u00e4t. Galloways haben eine hohe<\/span><br \/><span style=\"color: #000000;\">Futterverwertung und einen sehr niedrigen Erhaltungsbedarf. Galloways sind langlebig,<\/span><br \/><span style=\"color: #000000;\">fruchtbar und leichtkalbig, wobei ihre K\u00e4lber leicht und von gro\u00dfer Vitalit\u00e4t sind.<\/span><\/h3><h3 style=\"text-align: center;\"><span style=\"color: #000000;\">Farbschl\u00e4ge :\u00a0<\/span><span style=\"color: #000000;\">Rigget,\u00a0<\/span><span style=\"color: #000000;\">black,\u00a0<\/span><span style=\"color: #000000;\">white,\u00a0<\/span><span style=\"color: #000000;\">white black pointed,\u00a0<\/span><span style=\"color: #000000;\">dun,\u00a0<\/span><span style=\"color: #000000;\">red<\/span><\/h3><\/div><\/div><\/div><\/div><\/div>\t\t\t\t\t\t<\/div>\n\t\t\t\t<\/div>\n\t\t\t\t<div class=\"elementor-element elementor-element-16e820f elementor-widget elementor-widget-image\" data-id=\"16e820f\" data-element_type=\"widget\" data-widget_type=\"image.default\">\n\t\t\t\t<div class=\"elementor-widget-container\">\n\t\t\t\t\t\t\t\t\t\t\t\t\t\t\t<img decoding=\"async\" loading=\"lazy\" width=\"960\" height=\"720\" src=\"https:\/\/gallowayzucht-schaeferhof.de\/wp-content\/uploads\/2019\/12\/15079080_1809084589339075_3757226386326593109_n.jpg\" class=\"attachment-large size-large wp-image-67\" alt=\"\" srcset=\"https:\/\/gallowayzucht-schaeferhof.de\/wp-content\/uploads\/2019\/12\/15079080_1809084589339075_3757226386326593109_n.jpg 960w, https:\/\/gallowayzucht-schaeferhof.de\/wp-content\/uploads\/2019\/12\/15079080_1809084589339075_3757226386326593109_n-300x225.jpg 300w, https:\/\/gallowayzucht-schaeferhof.de\/wp-content\/uploads\/2019\/12\/15079080_1809084589339075_3757226386326593109_n-768x576.jpg 768w\" sizes=\"(max-width: 960px) 100vw, 960px\" \/>\t\t\t\t\t\t\t\t\t\t\t\t\t\t\t<\/div>\n\t\t\t\t<\/div>\n\t\t\t\t<div class=\"elementor-element elementor-element-ba229c3 elementor-widget elementor-widget-image\" data-id=\"ba229c3\" data-element_type=\"widget\" data-widget_type=\"image.default\">\n\t\t\t\t<div class=\"elementor-widget-container\">\n\t\t\t\t\t\t\t\t\t\t\t\t\t\t\t<img decoding=\"async\" loading=\"lazy\" width=\"720\" height=\"720\" src=\"https:\/\/gallowayzucht-schaeferhof.de\/wp-content\/uploads\/2019\/12\/15193701_1810800602500807_8999556533505567710_n.jpg\" class=\"attachment-large size-large wp-image-69\" alt=\"\" srcset=\"https:\/\/gallowayzucht-schaeferhof.de\/wp-content\/uploads\/2019\/12\/15193701_1810800602500807_8999556533505567710_n.jpg 720w, https:\/\/gallowayzucht-schaeferhof.de\/wp-content\/uploads\/2019\/12\/15193701_1810800602500807_8999556533505567710_n-300x300.jpg 300w, https:\/\/gallowayzucht-schaeferhof.de\/wp-content\/uploads\/2019\/12\/15193701_1810800602500807_8999556533505567710_n-150x150.jpg 150w\" sizes=\"(max-width: 720px) 100vw, 720px\" \/>\t\t\t\t\t\t\t\t\t\t\t\t\t\t\t<\/div>\n\t\t\t\t<\/div>\n\t\t\t\t<div class=\"elementor-element elementor-element-50fa55b elementor-widget elementor-widget-image\" data-id=\"50fa55b\" data-element_type=\"widget\" data-widget_type=\"image.default\">\n\t\t\t\t<div class=\"elementor-widget-container\">\n\t\t\t\t\t\t\t\t\t\t\t\t\t\t\t<img decoding=\"async\" loading=\"lazy\" width=\"504\" height=\"378\" src=\"https:\/\/gallowayzucht-schaeferhof.de\/wp-content\/uploads\/2019\/12\/DSC02563.jpg\" class=\"attachment-large size-large wp-image-71\" alt=\"\" srcset=\"https:\/\/gallowayzucht-schaeferhof.de\/wp-content\/uploads\/2019\/12\/DSC02563.jpg 504w, https:\/\/gallowayzucht-schaeferhof.de\/wp-content\/uploads\/2019\/12\/DSC02563-300x225.jpg 300w\" sizes=\"(max-width: 504px) 100vw, 504px\" \/>\t\t\t\t\t\t\t\t\t\t\t\t\t\t\t<\/div>\n\t\t\t\t<\/div>\n\t\t\t\t\t<\/div>\n\t\t<\/div>\n\t\t\t\t\t\t\t<\/div>\n\t\t<\/section>\n\t\t\t\t\t\t\t<\/div>\n\t\t","protected":false},"excerpt":{"rendered":"<p>Galloways sind eine dominant hornlose Fleischrinderrasse. Sie stammen urspr\u00fcnglich ausdem S\u00fcdwesten Schottlands und sind heute auf der ganzen Welt verbreitet. Sie sindfriedfertig, gen\u00fcgsam und widerstandsf\u00e4hig und bringen auch bei naturnaher Haltung einegute Fleischleistung mit hervorragender Fleischqualit\u00e4t. Galloways haben eine hoheFutterverwertung und einen sehr niedrigen Erhaltungsbedarf. Galloways sind langlebig,fruchtbar und leichtkalbig, wobei ihre K\u00e4lber leicht und [&hellip;]<\/p>\n","protected":false},"author":1,"featured_media":0,"parent":0,"menu_order":0,"comment_status":"closed","ping_status":"open","template":"","meta":{"footnotes":""},"_links":{"self":[{"href":"https:\/\/gallowayzucht-schaeferhof.de\/index.php?rest_route=\/wp\/v2\/pages\/62"}],"collection":[{"href":"https:\/\/gallowayzucht-schaeferhof.de\/index.php?rest_route=\/wp\/v2\/pages"}],"about":[{"href":"https:\/\/gallowayzucht-schaeferhof.de\/index.php?rest_route=\/wp\/v2\/types\/page"}],"author":[{"embeddable":true,"href":"https:\/\/gallowayzucht-schaeferhof.de\/index.php?rest_route=\/wp\/v2\/users\/1"}],"replies":[{"embeddable":true,"href":"https:\/\/gallowayzucht-schaeferhof.de\/index.php?rest_route=%2Fwp%2Fv2%2Fcomments&post=62"}],"version-history":[{"count":5,"href":"https:\/\/gallowayzucht-schaeferhof.de\/index.php?rest_route=\/wp\/v2\/pages\/62\/revisions"}],"predecessor-version":[{"id":72,"href":"https:\/\/gallowayzucht-schaeferhof.de\/index.php?rest_route=\/wp\/v2\/pages\/62\/revisions\/72"}],"wp:attachment":[{"href":"https:\/\/gallowayzucht-schaeferhof.de\/index.php?rest_route=%2Fwp%2Fv2%2Fmedia&parent=62"}],"curies":[{"name":"wp","href":"https:\/\/api.w.org\/{rel}","templated":true}]}}